{"id":14,"date":"2020-08-24T05:19:16","date_gmt":"2020-08-24T05:19:16","guid":{"rendered":"http:\/\/kerenarquitetura.com\/index.php\/home\/"},"modified":"2021-08-11T22:55:34","modified_gmt":"2021-08-11T22:55:34","slug":"home","status":"publish","type":"page","link":"https:\/\/kerenarquitetura.com\/","title":{"rendered":"Sobre N\u00f3s"},"content":{"rendered":"\t\t<div data-elementor-type=\"wp-page\" data-elementor-id=\"14\" class=\"elementor elementor-14\" data-elementor-settings=\"[]\">\n\t\t\t\t\t\t\t<div class=\"elementor-section-wrap\">\n\t\t\t\t\t\t\t<section class=\"elementor-section elementor-top-section elementor-element elementor-element-372fb268 elementor-section-boxed elementor-section-height-default elementor-section-height-default\" data-id=\"372fb268\" data-element_type=\"section\" data-settings=\"{&quot;background_background&quot;:&quot;classic&quot;,&quot;shape_divider_bottom&quot;:&quot;curve&quot;,&quot;shape_divider_bottom_negative&quot;:&quot;yes&quot;}\">\n\t\t\t\t\t\t\t<div class=\"elementor-background-overlay\"><\/div>\n\t\t\t\t\t\t<div class=\"elementor-shape elementor-shape-bottom\" data-negative=\"true\">\n\t\t\t<svg xmlns=\"http:\/\/www.w3.org\/2000\/svg\" viewBox=\"0 0 1000 100\" preserveAspectRatio=\"none\">\n\t<path class=\"elementor-shape-fill\" d=\"M500,97C126.7,96.3,0.8,19.8,0,0v100l1000,0V1C1000,19.4,873.3,97.8,500,97z\"\/>\n<\/svg>\t\t<\/div>\n\t\t\t\t\t<div class=\"elementor-container elementor-column-gap-default\">\n\t\t\t\t\t<div class=\"elementor-column elementor-col-100 elementor-top-column elementor-element elementor-element-6c0a83bc\" data-id=\"6c0a83bc\" data-element_type=\"column\">\n\t\t\t<div class=\"elementor-widget-wrap elementor-element-populated\">\n\t\t\t\t\t\t\t\t<div class=\"elementor-element elementor-element-2ee355b4 elementor-widget elementor-widget-heading\" data-id=\"2ee355b4\" data-element_type=\"widget\" data-widget_type=\"heading.default\">\n\t\t\t\t<div class=\"elementor-widget-container\">\n\t\t\t<h2 class=\"elementor-heading-title elementor-size-default\">Sobre N\u00f3s<\/h2>\t\t<\/div>\n\t\t\t\t<\/div>\n\t\t\t\t<div class=\"elementor-element elementor-element-66f4c717 elementor-widget-divider--view-line elementor-widget elementor-widget-divider\" data-id=\"66f4c717\" data-element_type=\"widget\" data-widget_type=\"divider.default\">\n\t\t\t\t<div class=\"elementor-widget-container\">\n\t\t\t\t\t<div class=\"elementor-divider\">\n\t\t\t<span class=\"elementor-divider-separator\">\n\t\t\t\t\t\t<\/span>\n\t\t<\/div>\n\t\t\t\t<\/div>\n\t\t\t\t<\/div>\n\t\t\t\t<div class=\"elementor-element elementor-element-46b66bf1 elementor-widget elementor-widget-text-editor\" data-id=\"46b66bf1\" data-element_type=\"widget\" data-widget_type=\"text-editor.default\">\n\t\t\t\t<div class=\"elementor-widget-container\">\n\t\t\t\t\t\t\t\t<p>Projetos aut\u00eanticos com di\u00e1logos harmonioso entre a t\u00e9cnica, a fun\u00e7\u00e3o e a est\u00e9tica;<\/p><p>Os projetos s\u00e3o desenvolvidos, com o objetivo de trazer qualidade a qualquer espa\u00e7o habitado pelo ser humano.<\/p><p>Foca na identidade do cliente e no contexto s\u00f3cio-cultural e econ\u00f4mico no qual est\u00e3o inseridos;<\/p><p>Busca uma abertura direcionada para a amplia\u00e7\u00e3o da vida \u00fatil das constru\u00e7\u00f5es paralela \u00e0 considera\u00e7\u00e3o das mudan\u00e7as de uso, crescimento e transforma\u00e7\u00e3o no tempo;<\/p><p>Essa abordagem permite ainda algumas inser\u00e7\u00f5es menos\u00a0 convencionais no mercado da constru\u00e7\u00e3o civil ao recuperar conceitos como flexibilidade, mutabilidade e abertura ao usu\u00e1rio;<\/p><p>Os trabalhos s\u00e3o desenvolvidos nas \u00e1reas de<\/p><p>arquitetura, urbanismo e interiores.<\/p>\t\t\t\t\t\t<\/div>\n\t\t\t\t<\/div>\n\t\t\t\t\t<\/div>\n\t\t<\/div>\n\t\t\t\t\t\t\t<\/div>\n\t\t<\/section>\n\t\t\t\t<section class=\"elementor-section elementor-top-section elementor-element elementor-element-6b70e1ba elementor-section-boxed elementor-section-height-default elementor-section-height-default\" data-id=\"6b70e1ba\" data-element_type=\"section\">\n\t\t\t\t\t\t<div class=\"elementor-container elementor-column-gap-wide\">\n\t\t\t\t\t<div class=\"elementor-column elementor-col-33 elementor-top-column elementor-element elementor-element-4604a273\" data-id=\"4604a273\" data-element_type=\"column\">\n\t\t\t<div class=\"elementor-widget-wrap elementor-element-populated\">\n\t\t\t\t\t\t\t\t<div class=\"elementor-element elementor-element-372be9af elementor-view-default elementor-position-top elementor-vertical-align-top elementor-widget elementor-widget-icon-box\" data-id=\"372be9af\" data-element_type=\"widget\" data-widget_type=\"icon-box.default\">\n\t\t\t\t<div class=\"elementor-widget-container\">\n\t\t\t\t\t<div class=\"elementor-icon-box-wrapper\">\n\t\t\t\t\t\t<div class=\"elementor-icon-box-icon\">\n\t\t\t\t<span class=\"elementor-icon elementor-animation-\" >\n\t\t\t\t<i aria-hidden=\"true\" class=\"fab fa-whatsapp\"><\/i>\t\t\t\t<\/span>\n\t\t\t<\/div>\n\t\t\t\t\t\t<div class=\"elementor-icon-box-content\">\n\t\t\t\t<h3 class=\"elementor-icon-box-title\">\n\t\t\t\t\t<span >Whatsapp<br>(31) 99725 - 0695 \n<\/span>\n\t\t\t\t<\/h3>\n\t\t\t\t\t\t\t\t<p class=\"elementor-icon-box-description\">Precisando conversar um pouco sobre o que precisa ou tirar alguma d\u00favida? Chame a gente no wpp! <\/p>\n\t\t\t\t\t\t\t<\/div>\n\t\t<\/div>\n\t\t\t\t<\/div>\n\t\t\t\t<\/div>\n\t\t\t\t\t<\/div>\n\t\t<\/div>\n\t\t\t\t<div class=\"elementor-column elementor-col-33 elementor-top-column elementor-element elementor-element-26cf95f4\" data-id=\"26cf95f4\" data-element_type=\"column\">\n\t\t\t<div class=\"elementor-widget-wrap elementor-element-populated\">\n\t\t\t\t\t\t\t\t<div class=\"elementor-element elementor-element-51a542ba elementor-view-default elementor-position-top elementor-vertical-align-top elementor-widget elementor-widget-icon-box\" data-id=\"51a542ba\" data-element_type=\"widget\" data-widget_type=\"icon-box.default\">\n\t\t\t\t<div class=\"elementor-widget-container\">\n\t\t\t\t\t<div class=\"elementor-icon-box-wrapper\">\n\t\t\t\t\t\t<div class=\"elementor-icon-box-icon\">\n\t\t\t\t<span class=\"elementor-icon elementor-animation-\" >\n\t\t\t\t<i aria-hidden=\"true\" class=\"fab fa-instagram\"><\/i>\t\t\t\t<\/span>\n\t\t\t<\/div>\n\t\t\t\t\t\t<div class=\"elementor-icon-box-content\">\n\t\t\t\t<h3 class=\"elementor-icon-box-title\">\n\t\t\t\t\t<span >Instagram <br>@kerenarquitetura<\/span>\n\t\t\t\t<\/h3>\n\t\t\t\t\t\t\t\t<p class=\"elementor-icon-box-description\">Aqui voc\u00ea encontra fotos dos nossos projetos, e pode acompanhar o dia a dia do nosso escrit\u00f3rio pelos stories. D\u00e1 uma olhadinha! <\/p>\n\t\t\t\t\t\t\t<\/div>\n\t\t<\/div>\n\t\t\t\t<\/div>\n\t\t\t\t<\/div>\n\t\t\t\t\t<\/div>\n\t\t<\/div>\n\t\t\t\t<div class=\"elementor-column elementor-col-33 elementor-top-column elementor-element elementor-element-6a1f7e29\" data-id=\"6a1f7e29\" data-element_type=\"column\">\n\t\t\t<div class=\"elementor-widget-wrap elementor-element-populated\">\n\t\t\t\t\t\t\t\t<div class=\"elementor-element elementor-element-558b5905 elementor-view-default elementor-position-top elementor-vertical-align-top elementor-widget elementor-widget-icon-box\" data-id=\"558b5905\" data-element_type=\"widget\" data-widget_type=\"icon-box.default\">\n\t\t\t\t<div class=\"elementor-widget-container\">\n\t\t\t\t\t<div class=\"elementor-icon-box-wrapper\">\n\t\t\t\t\t\t<div class=\"elementor-icon-box-icon\">\n\t\t\t\t<span class=\"elementor-icon elementor-animation-\" >\n\t\t\t\t<i aria-hidden=\"true\" class=\"fab fa-youtube\"><\/i>\t\t\t\t<\/span>\n\t\t\t<\/div>\n\t\t\t\t\t\t<div class=\"elementor-icon-box-content\">\n\t\t\t\t<h3 class=\"elementor-icon-box-title\">\n\t\t\t\t\t<span >YouTube\nKeren Arquitetura<\/span>\n\t\t\t\t<\/h3>\n\t\t\t\t\t\t\t\t<p class=\"elementor-icon-box-description\">Assista a v\u00eddeos dos nossos projetos, s\u00e9ries de hist\u00f3rias de obras, ou\u00e7a dicas da Keren sobre seu projeto e muito mais. <\/p>\n\t\t\t\t\t\t\t<\/div>\n\t\t<\/div>\n\t\t\t\t<\/div>\n\t\t\t\t<\/div>\n\t\t\t\t\t<\/div>\n\t\t<\/div>\n\t\t\t\t\t\t\t<\/div>\n\t\t<\/section>\n\t\t\t\t<section class=\"elementor-section elementor-top-section elementor-element elementor-element-4f0316c elementor-section-boxed elementor-section-height-default elementor-section-height-default\" data-id=\"4f0316c\" data-element_type=\"section\">\n\t\t\t\t\t\t<div class=\"elementor-container elementor-column-gap-default\">\n\t\t\t\t\t<div class=\"elementor-column elementor-col-100 elementor-top-column elementor-element elementor-element-a82298e\" data-id=\"a82298e\" data-element_type=\"column\">\n\t\t\t<div class=\"elementor-widget-wrap elementor-element-populated\">\n\t\t\t\t\t\t\t\t<div class=\"elementor-element elementor-element-88a06cd elementor-widget elementor-widget-google_maps\" data-id=\"88a06cd\" data-element_type=\"widget\" data-widget_type=\"google_maps.default\">\n\t\t\t\t<div class=\"elementor-widget-container\">\n\t\t\t<div class=\"elementor-custom-embed\"><iframe frameborder=\"0\" scrolling=\"no\" marginheight=\"0\" marginwidth=\"0\" src=\"https:\/\/maps.google.com\/maps?q=RUA%20MARIA%20JUNQUEIRA%20175%20SALA%20306%20LAGOA%20SANTA%20MG&amp;t=m&amp;z=17&amp;output=embed&amp;iwloc=near\" title=\"RUA MARIA JUNQUEIRA 175 SALA 306 LAGOA SANTA MG\" aria-label=\"RUA MARIA JUNQUEIRA 175 SALA 306 LAGOA SANTA MG\"><\/iframe><\/div>\t\t<\/div>\n\t\t\t\t<\/div>\n\t\t\t\t\t<\/div>\n\t\t<\/div>\n\t\t\t\t\t\t\t<\/div>\n\t\t<\/section>\n\t\t\t\t<section class=\"elementor-section elementor-top-section elementor-element elementor-element-14333ad elementor-section-boxed elementor-section-height-default elementor-section-height-default\" data-id=\"14333ad\" data-element_type=\"section\">\n\t\t\t\t\t\t<div class=\"elementor-container elementor-column-gap-default\">\n\t\t\t\t\t<div class=\"elementor-column elementor-col-33 elementor-top-column elementor-element elementor-element-049addc\" data-id=\"049addc\" data-element_type=\"column\">\n\t\t\t<div class=\"elementor-widget-wrap elementor-element-populated\">\n\t\t\t\t\t\t\t\t<div class=\"elementor-element elementor-element-5534504 elementor-widget elementor-widget-image\" data-id=\"5534504\" data-element_type=\"widget\" data-widget_type=\"image.default\">\n\t\t\t\t<div class=\"elementor-widget-container\">\n\t\t\t\t\t\t\t\t\t\t\t\t\t\t\t<img loading=\"lazy\" decoding=\"async\" width=\"640\" height=\"360\" src=\"https:\/\/kerenarquitetura.com\/wp-content\/uploads\/2021\/08\/003_24-Foto-1024x576.jpg\" class=\"attachment-large size-large\" alt=\"\" srcset=\"https:\/\/kerenarquitetura.com\/wp-content\/uploads\/2021\/08\/003_24-Foto-1024x576.jpg 1024w, https:\/\/kerenarquitetura.com\/wp-content\/uploads\/2021\/08\/003_24-Foto-300x169.jpg 300w, https:\/\/kerenarquitetura.com\/wp-content\/uploads\/2021\/08\/003_24-Foto-768x432.jpg 768w, https:\/\/kerenarquitetura.com\/wp-content\/uploads\/2021\/08\/003_24-Foto-1536x864.jpg 1536w, https:\/\/kerenarquitetura.com\/wp-content\/uploads\/2021\/08\/003_24-Foto-850x478.jpg 850w, https:\/\/kerenarquitetura.com\/wp-content\/uploads\/2021\/08\/003_24-Foto.jpg 1920w\" sizes=\"auto, (max-width: 640px) 100vw, 640px\" \/>\t\t\t\t\t\t\t\t\t\t\t\t\t\t\t<\/div>\n\t\t\t\t<\/div>\n\t\t\t\t\t<\/div>\n\t\t<\/div>\n\t\t\t\t<div class=\"elementor-column elementor-col-33 elementor-top-column elementor-element elementor-element-9e36991\" data-id=\"9e36991\" data-element_type=\"column\">\n\t\t\t<div class=\"elementor-widget-wrap elementor-element-populated\">\n\t\t\t\t\t\t\t\t<div class=\"elementor-element elementor-element-d4bf6d8 elementor-widget elementor-widget-image\" data-id=\"d4bf6d8\" data-element_type=\"widget\" data-widget_type=\"image.default\">\n\t\t\t\t<div class=\"elementor-widget-container\">\n\t\t\t\t\t\t\t\t\t\t\t\t\t\t\t<img loading=\"lazy\" decoding=\"async\" width=\"640\" height=\"360\" src=\"https:\/\/kerenarquitetura.com\/wp-content\/uploads\/2021\/08\/20_1-Foto-1024x576.jpg\" class=\"attachment-large size-large\" alt=\"\" srcset=\"https:\/\/kerenarquitetura.com\/wp-content\/uploads\/2021\/08\/20_1-Foto-1024x576.jpg 1024w, https:\/\/kerenarquitetura.com\/wp-content\/uploads\/2021\/08\/20_1-Foto-300x169.jpg 300w, https:\/\/kerenarquitetura.com\/wp-content\/uploads\/2021\/08\/20_1-Foto-768x432.jpg 768w, https:\/\/kerenarquitetura.com\/wp-content\/uploads\/2021\/08\/20_1-Foto-1536x864.jpg 1536w, https:\/\/kerenarquitetura.com\/wp-content\/uploads\/2021\/08\/20_1-Foto-850x478.jpg 850w, https:\/\/kerenarquitetura.com\/wp-content\/uploads\/2021\/08\/20_1-Foto.jpg 1920w\" sizes=\"auto, (max-width: 640px) 100vw, 640px\" \/>\t\t\t\t\t\t\t\t\t\t\t\t\t\t\t<\/div>\n\t\t\t\t<\/div>\n\t\t\t\t\t<\/div>\n\t\t<\/div>\n\t\t\t\t<div class=\"elementor-column elementor-col-33 elementor-top-column elementor-element elementor-element-2c30976\" data-id=\"2c30976\" data-element_type=\"column\">\n\t\t\t<div class=\"elementor-widget-wrap elementor-element-populated\">\n\t\t\t\t\t\t\t\t<div class=\"elementor-element elementor-element-196602c elementor-widget elementor-widget-image\" data-id=\"196602c\" data-element_type=\"widget\" data-widget_type=\"image.default\">\n\t\t\t\t<div class=\"elementor-widget-container\">\n\t\t\t\t\t\t\t\t\t\t\t\t\t\t\t<img loading=\"lazy\" decoding=\"async\" width=\"640\" height=\"360\" src=\"https:\/\/kerenarquitetura.com\/wp-content\/uploads\/2021\/08\/00-1024x576.jpg\" class=\"attachment-large size-large\" alt=\"\" srcset=\"https:\/\/kerenarquitetura.com\/wp-content\/uploads\/2021\/08\/00-1024x576.jpg 1024w, https:\/\/kerenarquitetura.com\/wp-content\/uploads\/2021\/08\/00-300x169.jpg 300w, https:\/\/kerenarquitetura.com\/wp-content\/uploads\/2021\/08\/00-768x432.jpg 768w, https:\/\/kerenarquitetura.com\/wp-content\/uploads\/2021\/08\/00-850x478.jpg 850w, https:\/\/kerenarquitetura.com\/wp-content\/uploads\/2021\/08\/00.jpg 1280w\" sizes=\"auto, (max-width: 640px) 100vw, 640px\" \/>\t\t\t\t\t\t\t\t\t\t\t\t\t\t\t<\/div>\n\t\t\t\t<\/div>\n\t\t\t\t\t<\/div>\n\t\t<\/div>\n\t\t\t\t\t\t\t<\/div>\n\t\t<\/section>\n\t\t\t\t<section class=\"elementor-section elementor-top-section elementor-element elementor-element-336bf30 elementor-section-boxed elementor-section-height-default elementor-section-height-default\" data-id=\"336bf30\" data-element_type=\"section\">\n\t\t\t\t\t\t<div class=\"elementor-container elementor-column-gap-default\">\n\t\t\t\t\t<div class=\"elementor-column elementor-col-100 elementor-top-column elementor-element elementor-element-46c65cb\" data-id=\"46c65cb\" data-element_type=\"column\">\n\t\t\t<div class=\"elementor-widget-wrap\">\n\t\t\t\t\t\t\t\t\t<\/div>\n\t\t<\/div>\n\t\t\t\t\t\t\t<\/div>\n\t\t<\/section>\n\t\t\t\t\t\t<\/div>\n\t\t\t\t\t<\/div>\n\t\t","protected":false},"excerpt":{"rendered":"<p>Sobre N\u00f3s Projetos aut\u00eanticos com di\u00e1logos harmonioso entre a t\u00e9cnica, a fun\u00e7\u00e3o e a est\u00e9tica; Os projetos s\u00e3o desenvolvidos, com o objetivo de trazer qualidade a qualquer espa\u00e7o habitado pelo ser humano. Foca na identidade do cliente e no contexto s\u00f3cio-cultural e econ\u00f4mico no qual est\u00e3o inseridos; Busca uma abertura direcionada para a amplia\u00e7\u00e3o da&#8230;<\/p>\n","protected":false},"author":0,"featured_media":0,"parent":0,"menu_order":0,"comment_status":"closed","ping_status":"closed","template":"elementor_canvas","meta":{"om_disable_all_campaigns":false,"_monsterinsights_skip_tracking":false,"_monsterinsights_sitenote_active":false,"_monsterinsights_sitenote_note":"","_monsterinsights_sitenote_category":0,"footnotes":""},"class_list":["post-14","page","type-page","status-publish","hentry"],"_links":{"self":[{"href":"https:\/\/kerenarquitetura.com\/index.php\/wp-json\/wp\/v2\/pages\/14","targetHints":{"allow":["GET"]}}],"collection":[{"href":"https:\/\/kerenarquitetura.com\/index.php\/wp-json\/wp\/v2\/pages"}],"about":[{"href":"https:\/\/kerenarquitetura.com\/index.php\/wp-json\/wp\/v2\/types\/page"}],"replies":[{"embeddable":true,"href":"https:\/\/kerenarquitetura.com\/index.php\/wp-json\/wp\/v2\/comments?post=14"}],"version-history":[{"count":9,"href":"https:\/\/kerenarquitetura.com\/index.php\/wp-json\/wp\/v2\/pages\/14\/revisions"}],"predecessor-version":[{"id":380,"href":"https:\/\/kerenarquitetura.com\/index.php\/wp-json\/wp\/v2\/pages\/14\/revisions\/380"}],"wp:attachment":[{"href":"https:\/\/kerenarquitetura.com\/index.php\/wp-json\/wp\/v2\/media?parent=14"}],"curies":[{"name":"wp","href":"https:\/\/api.w.org\/{rel}","templated":true}]}}